{"id":4639,"date":"2026-02-04T18:32:01","date_gmt":"2026-02-04T17:32:01","guid":{"rendered":"https:\/\/www.nowapartments.com\/mentions-legales\/"},"modified":"2026-04-18T16:21:13","modified_gmt":"2026-04-18T14:21:13","slug":"mentions-legales","status":"publish","type":"page","link":"https:\/\/www.nowapartments.com\/fr\/mentions-legales\/","title":{"rendered":"Mentions l\u00e9gales"},"content":{"rendered":"\t\t<div data-elementor-type=\"wp-page\" data-elementor-id=\"4639\" class=\"elementor elementor-4639 elementor-4315\" data-elementor-post-type=\"page\">\n\t\t\t\t<div class=\"elementor-element elementor-element-bc38c5b e-flex e-con-boxed e-con e-parent\" data-id=\"bc38c5b\" data-element_type=\"container\" data-e-type=\"container\">\n\t\t\t\t\t<div class=\"e-con-inner\">\n\t\t\t\t<div class=\"elementor-element elementor-element-90fe6e9 elementor-widget elementor-widget-heading\" data-id=\"90fe6e9\" data-element_type=\"widget\" data-e-type=\"widget\" data-widget_type=\"heading.default\">\n\t\t\t\t\t<h1 class=\"elementor-heading-title elementor-size-default\">Mentions l\u00e9gales<\/h1>\t\t\t\t<\/div>\n\t\t\t\t<div class=\"elementor-element elementor-element-b830b54 elementor-widget elementor-widget-text-editor\" data-id=\"b830b54\" data-element_type=\"widget\" data-e-type=\"widget\" data-widget_type=\"text-editor.default\">\n\t\t\t\t\t\t\t\t\t<p>La pr\u00e9sente page contient les informations l\u00e9gales relatives au site web www.nowapartments.com et en r\u00e9git les modalit\u00e9s d\u2019utilisation. En acc\u00e9dant au site, l\u2019utilisateur accepte les conditions \u00e9nonc\u00e9es ci-dessous. <\/p>\t\t\t\t\t\t\t\t<\/div>\n\t\t\t\t<div class=\"elementor-element elementor-element-321f302 elementor-widget elementor-widget-heading\" data-id=\"321f302\" data-element_type=\"widget\" data-e-type=\"widget\" data-widget_type=\"heading.default\">\n\t\t\t\t\t<h2 class=\"elementor-heading-title elementor-size-default\">\u00c9diteur du site<\/h2>\t\t\t\t<\/div>\n\t\t\t\t<div class=\"elementor-element elementor-element-84c07f4 elementor-widget elementor-widget-text-editor\" data-id=\"84c07f4\" data-element_type=\"widget\" data-e-type=\"widget\" data-widget_type=\"text-editor.default\">\n\t\t\t\t\t\t\t\t\t<p><strong>Vetrina S.r.l.<\/strong><br>Nom commercial : Now Apartments<br>Responsable : <strong>Martina Amati<\/strong><br>Si\u00e8ge social : Via della Vetrina 3, 00186 Rome (RM), Italie<\/p><p><strong>Num\u00e9ro de TVA :<\/strong> IT12785441002<br><strong>REA :<\/strong> RM \u2013 1400022<br><strong>Code d\u2019identification r\u00e9gional (CIR) :<\/strong> 058091-CAV-10778<br><strong>Code d\u2019identification national (CIN) :<\/strong> IT058091B4BLN84CT7<\/p><p>Email: <a href=\"mailto:info@nowapartments.com\"><strong>info@nowapartments.com<\/strong><\/a><\/p><p><strong>T\u00e9l\u00e9phone :<\/strong> <a href=\"tel:+39668301616\">+39 06 6830 1616<\/a><\/p>\t\t\t\t\t\t\t\t<\/div>\n\t\t\t\t<div class=\"elementor-element elementor-element-d2a9e40 elementor-widget elementor-widget-heading\" data-id=\"d2a9e40\" data-element_type=\"widget\" data-e-type=\"widget\" data-widget_type=\"heading.default\">\n\t\t\t\t\t<h2 class=\"elementor-heading-title elementor-size-default\">Objet du site<\/h2>\t\t\t\t<\/div>\n\t\t\t\t<div class=\"elementor-element elementor-element-04ba3af elementor-widget elementor-widget-text-editor\" data-id=\"04ba3af\" data-element_type=\"widget\" data-e-type=\"widget\" data-widget_type=\"text-editor.default\">\n\t\t\t\t\t\t\t\t\tLe site www.nowapartments.com a pour objectif de fournir des informations sur les appartements touristiques g\u00e9r\u00e9s par Now Apartments, les services propos\u00e9s, les exp\u00e9riences disponibles, ainsi que de permettre la r\u00e9servation directe de s\u00e9jours et de certains services compl\u00e9mentaires.\t\t\t\t\t\t\t\t<\/div>\n\t\t\t\t<div class=\"elementor-element elementor-element-df80e57 elementor-widget elementor-widget-heading\" data-id=\"df80e57\" data-element_type=\"widget\" data-e-type=\"widget\" data-widget_type=\"heading.default\">\n\t\t\t\t\t<h2 class=\"elementor-heading-title elementor-size-default\">Responsabilit\u00e9<\/h2>\t\t\t\t<\/div>\n\t\t\t\t<div class=\"elementor-element elementor-element-365a793 elementor-widget elementor-widget-text-editor\" data-id=\"365a793\" data-element_type=\"widget\" data-e-type=\"widget\" data-widget_type=\"text-editor.default\">\n\t\t\t\t\t\t\t\t\t<p>Now Apartments s\u2019efforce de maintenir les informations pr\u00e9sentes sur le site exactes et \u00e0 jour. Toutefois, elle ne garantit pas l\u2019absence d\u2019erreurs, d\u2019inexactitudes ou d\u2019omissions dans les contenus publi\u00e9s. <\/p><p>Now Apartments ne pourra \u00eatre tenue responsable des \u00e9ventuels dommages directs ou indirects r\u00e9sultant de l\u2019utilisation du site, de l\u2019impossibilit\u00e9 de l\u2019utiliser ou de la confiance accord\u00e9e aux informations qui y sont contenues.<\/p>\t\t\t\t\t\t\t\t<\/div>\n\t\t\t\t<div class=\"elementor-element elementor-element-59d58af elementor-widget elementor-widget-heading\" data-id=\"59d58af\" data-element_type=\"widget\" data-e-type=\"widget\" data-widget_type=\"heading.default\">\n\t\t\t\t\t<h2 class=\"elementor-heading-title elementor-size-default\">Liens vers des sites externes<\/h2>\t\t\t\t<\/div>\n\t\t\t\t<div class=\"elementor-element elementor-element-58524e1 elementor-widget elementor-widget-text-editor\" data-id=\"58524e1\" data-element_type=\"widget\" data-e-type=\"widget\" data-widget_type=\"text-editor.default\">\n\t\t\t\t\t\t\t\t\t<p>Le site peut contenir des liens vers des sites web de tiers, y compris des services de r\u00e9servation, de paiement ou des partenaires externes.<\/p><p>Now Apartments n\u2019est pas responsable du contenu, des services propos\u00e9s ou des modalit\u00e9s de gestion des donn\u00e9es personnelles par ces sites externes.<\/p>\t\t\t\t\t\t\t\t<\/div>\n\t\t\t\t<div class=\"elementor-element elementor-element-e37aa52 elementor-widget elementor-widget-heading\" data-id=\"e37aa52\" data-element_type=\"widget\" data-e-type=\"widget\" data-widget_type=\"heading.default\">\n\t\t\t\t\t<h2 class=\"elementor-heading-title elementor-size-default\">Droits de propri\u00e9t\u00e9 intellectuelle<\/h2>\t\t\t\t<\/div>\n\t\t\t\t<div class=\"elementor-element elementor-element-b60edbc elementor-widget elementor-widget-text-editor\" data-id=\"b60edbc\" data-element_type=\"widget\" data-e-type=\"widget\" data-widget_type=\"text-editor.default\">\n\t\t\t\t\t\t\t\t\t<p>Tous les contenus pr\u00e9sents sur le site, y compris les textes, images, photographies, logos, marques, graphismes et mises en page, sont la propri\u00e9t\u00e9 de Now Apartments ou conc\u00e9d\u00e9s sous licence par des tiers et sont prot\u00e9g\u00e9s par les lois en vigueur en mati\u00e8re de droit d\u2019auteur et de propri\u00e9t\u00e9 intellectuelle.<\/p><p>Toute reproduction, m\u00eame partielle, des contenus est interdite sans autorisation \u00e9crite pr\u00e9alable du titulaire.<\/p>\t\t\t\t\t\t\t\t<\/div>\n\t\t\t\t<div class=\"elementor-element elementor-element-2abfb38 elementor-widget elementor-widget-heading\" data-id=\"2abfb38\" data-element_type=\"widget\" data-e-type=\"widget\" data-widget_type=\"heading.default\">\n\t\t\t\t\t<h2 class=\"elementor-heading-title elementor-size-default\">Droit applicable et juridiction comp\u00e9tente<\/h2>\t\t\t\t<\/div>\n\t\t\t\t<div class=\"elementor-element elementor-element-3e12e51 elementor-widget elementor-widget-text-editor\" data-id=\"3e12e51\" data-element_type=\"widget\" data-e-type=\"widget\" data-widget_type=\"text-editor.default\">\n\t\t\t\t\t\t\t\t\t<p>Les pr\u00e9sentes mentions l\u00e9gales sont r\u00e9gies par le droit italien.<\/p><p>Tout litige relatif \u00e0 l\u2019utilisation du site ou \u00e0 son contenu sera soumis \u00e0 la comp\u00e9tence exclusive du <strong>Tribunal de Rome<\/strong>.<\/p>\t\t\t\t\t\t\t\t<\/div>\n\t\t\t\t\t<\/div>\n\t\t\t\t<\/div>\n\t\t\t\t<\/div>\n\t\t","protected":false},"excerpt":{"rendered":"<p>Mentions l\u00e9gales La pr\u00e9sente page contient les informations l\u00e9gales relatives au site web www.nowapartments.com et en r\u00e9git les modalit\u00e9s d\u2019utilisation. En acc\u00e9dant au site, l\u2019utilisateur accepte les conditions \u00e9nonc\u00e9es ci-dessous. \u00c9diteur du site Vetrina S.r.l.Nom commercial : Now ApartmentsResponsable : Martina AmatiSi\u00e8ge social : Via della Vetrina 3, 00186 Rome (RM), Italie Num\u00e9ro de TVA [&hellip;]<\/p>\n","protected":false},"author":1,"featured_media":0,"parent":0,"menu_order":0,"comment_status":"closed","ping_status":"closed","template":"","meta":{"footnotes":""},"class_list":["post-4639","page","type-page","status-publish","hentry"],"_links":{"self":[{"href":"https:\/\/www.nowapartments.com\/fr\/wp-json\/wp\/v2\/pages\/4639","targetHints":{"allow":["GET"]}}],"collection":[{"href":"https:\/\/www.nowapartments.com\/fr\/wp-json\/wp\/v2\/pages"}],"about":[{"href":"https:\/\/www.nowapartments.com\/fr\/wp-json\/wp\/v2\/types\/page"}],"author":[{"embeddable":true,"href":"https:\/\/www.nowapartments.com\/fr\/wp-json\/wp\/v2\/users\/1"}],"replies":[{"embeddable":true,"href":"https:\/\/www.nowapartments.com\/fr\/wp-json\/wp\/v2\/comments?post=4639"}],"version-history":[{"count":1,"href":"https:\/\/www.nowapartments.com\/fr\/wp-json\/wp\/v2\/pages\/4639\/revisions"}],"predecessor-version":[{"id":4640,"href":"https:\/\/www.nowapartments.com\/fr\/wp-json\/wp\/v2\/pages\/4639\/revisions\/4640"}],"wp:attachment":[{"href":"https:\/\/www.nowapartments.com\/fr\/wp-json\/wp\/v2\/media?parent=4639"}],"curies":[{"name":"wp","href":"https:\/\/api.w.org\/{rel}","templated":true}]}}