{"id":4717,"date":"2025-12-10T18:30:11","date_gmt":"2025-12-10T17:30:11","guid":{"rendered":"https:\/\/www.nowapartments.com\/plan-du-site\/"},"modified":"2026-04-30T18:14:45","modified_gmt":"2026-04-30T16:14:45","slug":"plan-du-site","status":"publish","type":"page","link":"https:\/\/www.nowapartments.com\/fr\/plan-du-site\/","title":{"rendered":"Plan du site"},"content":{"rendered":"\t\t<div data-elementor-type=\"wp-page\" data-elementor-id=\"4717\" class=\"elementor elementor-4717 elementor-79\" data-elementor-post-type=\"page\">\n\t\t\t\t<div class=\"elementor-element elementor-element-f877113 e-flex e-con-boxed e-con e-parent\" data-id=\"f877113\" data-element_type=\"container\" data-e-type=\"container\" data-settings=\"{&quot;background_background&quot;:&quot;classic&quot;}\">\n\t\t\t\t\t<div class=\"e-con-inner\">\n\t\t\t\t<div class=\"elementor-element elementor-element-4cb67af elementor-widget elementor-widget-shortcode\" data-id=\"4cb67af\" data-element_type=\"widget\" data-e-type=\"widget\" data-widget_type=\"shortcode.default\">\n\t\t\t\t\t\t\t<div class=\"elementor-shortcode\"><nav aria-label=\"breadcrumbs\" class=\"rank-math-breadcrumb\"><p><span class=\"last\">Home<\/span><\/p><\/nav><\/div>\n\t\t\t\t\t\t<\/div>\n\t\t<div class=\"elementor-element elementor-element-38017b1 e-con-full e-flex e-con e-child\" data-id=\"38017b1\" data-element_type=\"container\" data-e-type=\"container\" data-settings=\"{&quot;background_background&quot;:&quot;classic&quot;}\">\n\t\t\t\t<div class=\"elementor-element elementor-element-15ade6c elementor-widget elementor-widget-heading\" data-id=\"15ade6c\" data-element_type=\"widget\" data-e-type=\"widget\" data-widget_type=\"heading.default\">\n\t\t\t\t\t<h1 class=\"elementor-heading-title elementor-size-default\">Plan du site<br \/><strong>Now Apartments<\/strong><\/h1>\t\t\t\t<\/div>\n\t\t\t\t<\/div>\n\t\t\t\t\t<\/div>\n\t\t\t\t<\/div>\n\t\t<div class=\"elementor-element elementor-element-01a85c6 e-flex e-con-boxed e-con e-parent\" data-id=\"01a85c6\" data-element_type=\"container\" data-e-type=\"container\" data-settings=\"{&quot;background_background&quot;:&quot;classic&quot;}\">\n\t\t\t\t\t<div class=\"e-con-inner\">\n\t\t<div class=\"elementor-element elementor-element-40ad7df e-con-full e-flex e-con e-child\" data-id=\"40ad7df\" data-element_type=\"container\" data-e-type=\"container\">\n\t\t\t\t<div class=\"elementor-element elementor-element-584dae3 elementor-widget elementor-widget-text-editor\" data-id=\"584dae3\" data-element_type=\"widget\" data-e-type=\"widget\" data-widget_type=\"text-editor.default\">\n\t\t\t\t\t\t\t\t\tSur cette page, vous trouverez le plan complet du site de Now Apartments, con\u00e7u pour vous aider \u00e0 naviguer facilement entre toutes les sections disponibles.<br\/>Vous pouvez acc\u00e9der rapidement aux pages d\u00e9di\u00e9es aux appartements, aux services, aux offres, aux exp\u00e9riences et \u00e0 toutes les informations utiles pour organiser votre s\u00e9jour \u00e0 Rome de mani\u00e8re simple et \u00e9clair\u00e9e.\t\t\t\t\t\t\t\t<\/div>\n\t\t\t\t<\/div>\n\t\t\t\t\t<\/div>\n\t\t\t\t<\/div>\n\t\t<div class=\"elementor-element elementor-element-3be83d9 e-flex e-con-boxed e-con e-parent\" data-id=\"3be83d9\" data-element_type=\"container\" data-e-type=\"container\">\n\t\t\t\t\t<div class=\"e-con-inner\">\n\t\t\t\t<div class=\"elementor-element elementor-element-daaa2fe elementor-widget__width-initial elementor-widget elementor-widget-shortcode\" data-id=\"daaa2fe\" data-element_type=\"widget\" data-e-type=\"widget\" data-widget_type=\"shortcode.default\">\n\t\t\t\t\t\t\t<div class=\"elementor-shortcode\"><div class=\"rank-math-html-sitemap\"><div class=\"rank-math-html-sitemap__section rank-math-html-sitemap__section--post-type rank-math-html-sitemap__section--post\"><h2 class=\"rank-math-html-sitemap__title\">Articles<\/h2><ul class=\"rank-math-html-sitemap__list\"><li class=\"rank-math-html-sitemap__item\"><a href=\"https:\/\/www.nowapartments.com\/fr\/non-categorise\/premier-dimanche-du-mois-a-rome-et-5-de-reduction-avec-now-apartments\/\" class=\"rank-math-html-sitemap__link\">Premier dimanche du mois \u00e0 Rome et 5 % de r\u00e9duction avec Now Apartments<\/a><\/li><li class=\"rank-math-html-sitemap__item\"><a href=\"https:\/\/www.nowapartments.com\/fr\/non-categorise\/une-maison-a-rome-pour-quelques-jours-guide-pour-les-voyageurs\/\" class=\"rank-math-html-sitemap__link\">Une maison \u00e0 Rome pour quelques jours : guide pour les voyageurs<\/a><\/li><li class=\"rank-math-html-sitemap__item\"><a href=\"https:\/\/www.nowapartments.com\/fr\/non-categorise\/rome-avec-des-enfants-une-nouvelle-aventure\/\" class=\"rank-math-html-sitemap__link\">Rome avec des enfants : une nouvelle aventure<\/a><\/li><li class=\"rank-math-html-sitemap__item\"><a href=\"https:\/\/www.nowapartments.com\/fr\/non-categorise\/evenements-et-concerts-a-rome-le-guide-de-la-scene-romaine\/\" class=\"rank-math-html-sitemap__link\">\u00c9v\u00e9nements et concerts \u00e0 Rome : le guide de la sc\u00e8ne romaine<\/a><\/li><li class=\"rank-math-html-sitemap__item\"><a href=\"https:\/\/www.nowapartments.com\/fr\/non-categorise\/rome-en-aout-10-de-reduction-avec-now-apartments\/\" class=\"rank-math-html-sitemap__link\">Rome en ao\u00fbt : 10 % de r\u00e9duction avec Now Apartments<\/a><\/li><li class=\"rank-math-html-sitemap__item\"><a href=\"https:\/\/www.nowapartments.com\/fr\/non-categorise\/caravage-2025-a-rome-lart-baroque-avec-now-apartments\/\" class=\"rank-math-html-sitemap__link\">Caravage 2025 \u00e0 Rome : l\u2019Art Baroque avec Now Apartments<\/a><\/li><li class=\"rank-math-html-sitemap__item\"><a href=\"https:\/\/www.nowapartments.com\/fr\/non-categorise\/expositions-estivales-lete-romain-avec-now-apartments\/\" class=\"rank-math-html-sitemap__link\">Expositions estivales : l\u2019\u00e9t\u00e9 romain avec Now Apartments<\/a><\/li><li class=\"rank-math-html-sitemap__item\"><a href=\"https:\/\/www.nowapartments.com\/fr\/non-categorise\/campo-de-fiori-guide-entre-histoire-curiosites-et-atmospheres-uniques\/\" class=\"rank-math-html-sitemap__link\">Campo de\u2019 Fiori : guide entre histoire, curiosit\u00e9s et atmosph\u00e8res uniques<\/a><\/li><\/ul><\/div><div class=\"rank-math-html-sitemap__section rank-math-html-sitemap__section--post-type rank-math-html-sitemap__section--page\"><h2 class=\"rank-math-html-sitemap__title\">Pages<\/h2><ul class=\"rank-math-html-sitemap__list\"><li class=\"rank-math-html-sitemap__item\"><a href=\"https:\/\/www.nowapartments.com\/fr\/mentions-legales\/\" class=\"rank-math-html-sitemap__link\">Mentions l\u00e9gales<\/a><\/li><li class=\"rank-math-html-sitemap__item\"><a href=\"https:\/\/www.nowapartments.com\/fr\/\" class=\"rank-math-html-sitemap__link\">Accueil<\/a><\/li><li class=\"rank-math-html-sitemap__item\"><a href=\"https:\/\/www.nowapartments.com\/fr\/qui-sommes-nous\/\" class=\"rank-math-html-sitemap__link\">Qui sommes-nous<\/a><\/li><li class=\"rank-math-html-sitemap__item\"><a href=\"https:\/\/www.nowapartments.com\/fr\/appartements\/\" class=\"rank-math-html-sitemap__link\">Appartements<\/a><ul class=\"rank-math-html-sitemap__list\"><li class=\"rank-math-html-sitemap__item\"><a href=\"https:\/\/www.nowapartments.com\/fr\/appartements\/appartements-deluxe\/\" class=\"rank-math-html-sitemap__link\">Appartements Deluxe<\/a><ul class=\"rank-math-html-sitemap__list\"><li class=\"rank-math-html-sitemap__item\"><a href=\"https:\/\/www.nowapartments.com\/fr\/appartements\/appartements-deluxe\/appartement-aurora\/\" class=\"rank-math-html-sitemap__link\">Appartement Aurora<\/a><\/li><li class=\"rank-math-html-sitemap__item\"><a href=\"https:\/\/www.nowapartments.com\/fr\/appartements\/appartements-deluxe\/appartement-chez\/\" class=\"rank-math-html-sitemap__link\">Appartement Chez<\/a><\/li><li class=\"rank-math-html-sitemap__item\"><a href=\"https:\/\/www.nowapartments.com\/fr\/appartements\/appartements-deluxe\/appartement-alioth\/\" class=\"rank-math-html-sitemap__link\">Appartement Alioth<\/a><\/li><\/ul><\/li><li class=\"rank-math-html-sitemap__item\"><a href=\"https:\/\/www.nowapartments.com\/fr\/appartements\/appartements-superior\/\" class=\"rank-math-html-sitemap__link\">Appartements Superior<\/a><ul class=\"rank-math-html-sitemap__list\"><li class=\"rank-math-html-sitemap__item\"><a href=\"https:\/\/www.nowapartments.com\/fr\/appartements\/appartements-superior\/appartement-deva\/\" class=\"rank-math-html-sitemap__link\">Appartement Deva<\/a><\/li><li class=\"rank-math-html-sitemap__item\"><a href=\"https:\/\/www.nowapartments.com\/fr\/appartements\/appartements-superior\/appartement-parbleu\/\" class=\"rank-math-html-sitemap__link\">Appartement Parbleu<\/a><\/li><li class=\"rank-math-html-sitemap__item\"><a href=\"https:\/\/www.nowapartments.com\/fr\/appartements\/appartements-superior\/appartement-timeless\/\" class=\"rank-math-html-sitemap__link\">Appartement Timeless<\/a><\/li><\/ul><\/li><li class=\"rank-math-html-sitemap__item\"><a href=\"https:\/\/www.nowapartments.com\/fr\/appartements\/terrasse-evenements\/\" class=\"rank-math-html-sitemap__link\">Terrasse \u00c9v\u00e9nements<\/a><\/li><\/ul><\/li><li class=\"rank-math-html-sitemap__item\"><a href=\"https:\/\/www.nowapartments.com\/fr\/offres\/\" class=\"rank-math-html-sitemap__link\">Offres<\/a><\/li><li class=\"rank-math-html-sitemap__item\"><a href=\"https:\/\/www.nowapartments.com\/fr\/tours-experiences\/\" class=\"rank-math-html-sitemap__link\">Tours &amp; Exp\u00e9riences<\/a><\/li><li class=\"rank-math-html-sitemap__item\"><a href=\"https:\/\/www.nowapartments.com\/fr\/contact\/\" class=\"rank-math-html-sitemap__link\">Contact<\/a><\/li><li class=\"rank-math-html-sitemap__item\"><a href=\"https:\/\/www.nowapartments.com\/fr\/services\/\" class=\"rank-math-html-sitemap__link\">Services<\/a><\/li><li class=\"rank-math-html-sitemap__item\"><a href=\"https:\/\/www.nowapartments.com\/fr\/conventions-entreprises\/\" class=\"rank-math-html-sitemap__link\">Conventions entreprises<\/a><\/li><li class=\"rank-math-html-sitemap__item\"><a href=\"https:\/\/www.nowapartments.com\/fr\/agences-tour-operateurs\/\" class=\"rank-math-html-sitemap__link\">Agences &amp; Tour-Op\u00e9rateurs<\/a><\/li><li class=\"rank-math-html-sitemap__item\"><a href=\"https:\/\/www.nowapartments.com\/fr\/galerie-photo\/\" class=\"rank-math-html-sitemap__link\">Galerie photo<\/a><\/li><li class=\"rank-math-html-sitemap__item\"><a href=\"https:\/\/www.nowapartments.com\/fr\/conditions-de-reservation\/\" class=\"rank-math-html-sitemap__link\">Conditions de r\u00e9servation<\/a><\/li><li class=\"rank-math-html-sitemap__item\"><a href=\"https:\/\/www.nowapartments.com\/fr\/manuel-de-lappartement\/\" class=\"rank-math-html-sitemap__link\">Manuel de l\u2019appartement<\/a><\/li><li class=\"rank-math-html-sitemap__item\"><a href=\"https:\/\/www.nowapartments.com\/fr\/faq-2\/\" class=\"rank-math-html-sitemap__link\">FAQ<\/a><\/li><li class=\"rank-math-html-sitemap__item\"><a href=\"https:\/\/www.nowapartments.com\/fr\/transfer-prive-rome\/\" class=\"rank-math-html-sitemap__link\">Transfert priv\u00e9<\/a><\/li><li class=\"rank-math-html-sitemap__item\"><a href=\"https:\/\/www.nowapartments.com\/fr\/plan-du-site\/\" class=\"rank-math-html-sitemap__link\">Plan du site<\/a><\/li><li class=\"rank-math-html-sitemap__item\"><a href=\"https:\/\/www.nowapartments.com\/fr\/le-quartier\/\" class=\"rank-math-html-sitemap__link\">Le quartier<\/a><\/li><li class=\"rank-math-html-sitemap__item\"><a href=\"https:\/\/www.nowapartments.com\/fr\/comment-nous-rejoindre\/\" class=\"rank-math-html-sitemap__link\">Comment nous rejoindre<\/a><\/li><li class=\"rank-math-html-sitemap__item\"><a href=\"https:\/\/www.nowapartments.com\/fr\/se-deplacer-dans-le-quartier\/\" class=\"rank-math-html-sitemap__link\">Se d\u00e9placer dans le quartier<\/a><\/li><li class=\"rank-math-html-sitemap__item\"><a href=\"https:\/\/www.nowapartments.com\/fr\/lieux-dinteret\/\" class=\"rank-math-html-sitemap__link\">Lieux d\u2019int\u00e9r\u00eat<\/a><\/li><li class=\"rank-math-html-sitemap__item\"><a href=\"https:\/\/www.nowapartments.com\/fr\/blog-rome-environs\/\" class=\"rank-math-html-sitemap__link\">Blog Rome &amp; Environs<\/a><\/li><\/ul><\/div><\/div><\/div>\n\t\t\t\t\t\t<\/div>\n\t\t\t\t\t<\/div>\n\t\t\t\t<\/div>\n\t\t<div class=\"elementor-element elementor-element-76a40eb e-flex e-con-boxed e-con e-parent\" data-id=\"76a40eb\" data-element_type=\"container\" data-e-type=\"container\" data-settings=\"{&quot;background_background&quot;:&quot;classic&quot;}\">\n\t\t\t\t\t<div class=\"e-con-inner\">\n\t\t\t\t<div class=\"elementor-element elementor-element-952a352 elementor-widget elementor-widget-image\" data-id=\"952a352\" data-element_type=\"widget\" data-e-type=\"widget\" data-widget_type=\"image.default\">\n\t\t\t\t\t\t\t\t\t\t\t\t\t\t\t<img decoding=\"async\" width=\"115\" height=\"85\" src=\"https:\/\/www.nowapartments.com\/wp-content\/uploads\/2026\/01\/ico-stars.png\" class=\"attachment-large size-large wp-image-4492\" alt=\"\" \/>\t\t\t\t\t\t\t\t\t\t\t\t\t\t\t<\/div>\n\t\t\t\t<div class=\"elementor-element elementor-element-e45c960 elementor-widget elementor-widget-heading\" data-id=\"e45c960\" data-element_type=\"widget\" data-e-type=\"widget\" data-widget_type=\"heading.default\">\n\t\t\t\t\t<h2 class=\"elementor-heading-title elementor-size-default\">Avez-vous trouv\u00e9 ce que vous cherchiez ?<\/h2>\t\t\t\t<\/div>\n\t\t\t\t<div class=\"elementor-element elementor-element-a1d613a elementor-widget__width-initial elementor-widget elementor-widget-text-editor\" data-id=\"a1d613a\" data-element_type=\"widget\" data-e-type=\"widget\" data-widget_type=\"text-editor.default\">\n\t\t\t\t\t\t\t\t\tMaintenant que vous avez une vue d\u2019ensemble du site, vous pouvez r\u00e9server directement votre s\u00e9jour \u00e0 Rome depuis notre site officiel, de mani\u00e8re simple et s\u00e9curis\u00e9e, avec tous les avantages de la r\u00e9servation directe.\t\t\t\t\t\t\t\t<\/div>\n\t\t<div class=\"elementor-element elementor-element-997461b e-con-full e-flex e-con e-child\" data-id=\"997461b\" data-element_type=\"container\" data-e-type=\"container\">\n\t\t\t\t<div class=\"elementor-element elementor-element-96ce775 elementor-tablet-align-center elementor-widget elementor-widget-button\" data-id=\"96ce775\" data-element_type=\"widget\" data-e-type=\"widget\" data-widget_type=\"button.default\">\n\t\t\t\t\t\t\t\t\t\t<a class=\"elementor-button elementor-button-link elementor-size-sm\" href=\"https:\/\/booking.slope.it\/70122804-756f-49fb-8d32-c9715f9c3f6c\" target=\"_blank\" rel=\"noopener\">\n\t\t\t\t\t\t<span class=\"elementor-button-content-wrapper\">\n\t\t\t\t\t\t<span class=\"elementor-button-icon\">\n\t\t\t\t<svg aria-hidden=\"true\" class=\"e-font-icon-svg e-far-arrow-alt-circle-right\" viewBox=\"0 0 512 512\" xmlns=\"http:\/\/www.w3.org\/2000\/svg\"><path d=\"M504 256C504 119 393 8 256 8S8 119 8 256s111 248 248 248 248-111 248-248zm-448 0c0-110.5 89.5-200 200-200s200 89.5 200 200-89.5 200-200 200S56 366.5 56 256zm72 20v-40c0-6.6 5.4-12 12-12h116v-67c0-10.7 12.9-16 20.5-8.5l99 99c4.7 4.7 4.7 12.3 0 17l-99 99c-7.6 7.6-20.5 2.2-20.5-8.5v-67H140c-6.6 0-12-5.4-12-12z\"><\/path><\/svg>\t\t\t<\/span>\n\t\t\t\t\t\t\t\t\t<span class=\"elementor-button-text\">R\u00e9server au meilleur prix garanti<\/span>\n\t\t\t\t\t<\/span>\n\t\t\t\t\t<\/a>\n\t\t\t\t\t\t\t\t<\/div>\n\t\t\t\t<\/div>\n\t\t\t\t<div class=\"elementor-element elementor-element-a3f5875 elementor-widget__width-initial elementor-widget elementor-widget-text-editor\" data-id=\"a3f5875\" data-element_type=\"widget\" data-e-type=\"widget\" data-widget_type=\"text-editor.default\">\n\t\t\t\t\t\t\t\t\tR\u00e9servation s\u00e9curis\u00e9e \u2022 Meilleur tarif garanti \u2022 Assistance directe\t\t\t\t\t\t\t\t<\/div>\n\t\t\t\t\t<\/div>\n\t\t\t\t<\/div>\n\t\t\t\t<\/div>\n\t\t","protected":false},"excerpt":{"rendered":"<p>Plan du siteNow Apartments Sur cette page, vous trouverez le plan complet du site de Now Apartments, con\u00e7u pour vous aider \u00e0 naviguer facilement entre toutes les sections disponibles.Vous pouvez acc\u00e9der rapidement aux pages d\u00e9di\u00e9es aux appartements, aux services, aux offres, aux exp\u00e9riences et \u00e0 toutes les informations utiles pour organiser votre s\u00e9jour \u00e0 Rome [&hellip;]<\/p>\n","protected":false},"author":1,"featured_media":0,"parent":0,"menu_order":0,"comment_status":"closed","ping_status":"closed","template":"","meta":{"footnotes":""},"class_list":["post-4717","page","type-page","status-publish","hentry"],"_links":{"self":[{"href":"https:\/\/www.nowapartments.com\/fr\/wp-json\/wp\/v2\/pages\/4717","targetHints":{"allow":["GET"]}}],"collection":[{"href":"https:\/\/www.nowapartments.com\/fr\/wp-json\/wp\/v2\/pages"}],"about":[{"href":"https:\/\/www.nowapartments.com\/fr\/wp-json\/wp\/v2\/types\/page"}],"author":[{"embeddable":true,"href":"https:\/\/www.nowapartments.com\/fr\/wp-json\/wp\/v2\/users\/1"}],"replies":[{"embeddable":true,"href":"https:\/\/www.nowapartments.com\/fr\/wp-json\/wp\/v2\/comments?post=4717"}],"version-history":[{"count":1,"href":"https:\/\/www.nowapartments.com\/fr\/wp-json\/wp\/v2\/pages\/4717\/revisions"}],"predecessor-version":[{"id":4718,"href":"https:\/\/www.nowapartments.com\/fr\/wp-json\/wp\/v2\/pages\/4717\/revisions\/4718"}],"wp:attachment":[{"href":"https:\/\/www.nowapartments.com\/fr\/wp-json\/wp\/v2\/media?parent=4717"}],"curies":[{"name":"wp","href":"https:\/\/api.w.org\/{rel}","templated":true}]}}